{"id":5778,"date":"2017-01-27T16:21:58","date_gmt":"2017-01-27T16:21:58","guid":{"rendered":"http:\/\/fluid.edge-themes.com\/product\/smart-watch-2\/"},"modified":"2026-02-22T21:02:43","modified_gmt":"2026-02-22T21:02:43","slug":"dark-madagascar","status":"publish","type":"product","link":"https:\/\/fjaak.no\/nb\/product\/dark-madagascar\/","title":{"rendered":"70% m\u00f8rk Madagaskar"},"content":{"rendered":"","protected":false},"excerpt":{"rendered":"<p>&nbsp;<\/p>\n<p class=\"p1\">Bold dark chocolate full of character, with rich notes of black cherry &amp; citrus.<\/p>\n<p><em>Sertifisert \u00f8kologisk<\/em> \u2013 Our cocoa beans comes from Bertil \u00c5kesson&#8217;s plantation located in the Sambirano Valley, in the North-West of Madagascar, The Ambolikapiky Plantation is part of Bertil \u00c5kesson\u2019s 2000ha Bejofo Estate.<\/p>\n<p>100% ORGANIC<\/p>\n<p>Awards:<\/p>\n<p>Academy of Chocolate Awards 2108, GOLD<\/p>\n<p>Great Taste Awards 2018,\u00a0 3 Gold stars<\/p>\n<p>International Chocolate Awards 2018, SILVER<\/p>\n<p>International Chocolate Awards European 2020 \u00b7 BRONZE<\/p>\n<p>Academy of Chocolate Awards 2020 \u00b7 BRONZE<\/p>\n<p>International Chocolate Awards World 2020 \u00b7 BRONZE<\/p>\n<p><img decoding=\"async\" class=\"alignnone wp-image-37642\" src=\"https:\/\/fjaak.no\/wp-content\/uploads\/2017\/01\/ica-prize-logo-2020-bronze-euro-rgb-1.jpg\" alt=\"\" width=\"86\" height=\"93\" srcset=\"https:\/\/fjaak.no\/wp-content\/uploads\/2017\/01\/ica-prize-logo-2020-bronze-euro-rgb-1.jpg 118w, https:\/\/fjaak.no\/wp-content\/uploads\/2017\/01\/ica-prize-logo-2020-bronze-euro-rgb-1-11x12.jpg 11w\" sizes=\"(max-width: 86px) 100vw, 86px\" \/><i><img decoding=\"async\" class=\"alignnone size-full wp-image-37122\" src=\"https:\/\/fjaak.no\/wp-content\/uploads\/2017\/01\/AcadamyOfChoc2018Gold.jpg\" alt=\"\" width=\"59\" height=\"89\" srcset=\"https:\/\/fjaak.no\/wp-content\/uploads\/2017\/01\/AcadamyOfChoc2018Gold.jpg 59w, https:\/\/fjaak.no\/wp-content\/uploads\/2017\/01\/AcadamyOfChoc2018Gold-8x12.jpg 8w\" sizes=\"(max-width: 59px) 100vw, 59px\" \/>.\u00a0 <img decoding=\"async\" class=\"alignnone size-medium wp-image-37123\" src=\"https:\/\/fjaak.no\/wp-content\/uploads\/2017\/01\/GT-18-3-star.jpg\" alt=\"\" width=\"89\" height=\"89\" srcset=\"https:\/\/fjaak.no\/wp-content\/uploads\/2017\/01\/GT-18-3-star.jpg 89w, https:\/\/fjaak.no\/wp-content\/uploads\/2017\/01\/GT-18-3-star-12x12.jpg 12w\" sizes=\"(max-width: 89px) 100vw, 89px\" \/>.\u00a0 <img loading=\"lazy\" decoding=\"async\" class=\"alignnone size-medium wp-image-37124\" src=\"https:\/\/fjaak.no\/wp-content\/uploads\/2017\/01\/ica-prize-logo-2020-bronze-euro-rgb.jpg\" alt=\"\" width=\"82\" height=\"89\" srcset=\"https:\/\/fjaak.no\/wp-content\/uploads\/2017\/01\/ica-prize-logo-2020-bronze-euro-rgb.jpg 82w, https:\/\/fjaak.no\/wp-content\/uploads\/2017\/01\/ica-prize-logo-2020-bronze-euro-rgb-11x12.jpg 11w\" sizes=\"(max-width: 82px) 100vw, 82px\" \/>.\u00a0 <img loading=\"lazy\" decoding=\"async\" class=\"alignnone size-medium wp-image-37125\" src=\"https:\/\/fjaak.no\/wp-content\/uploads\/2017\/01\/ica-prize-logo-2018-silver-euro-rgb.jpg\" alt=\"\" width=\"82\" height=\"89\" srcset=\"https:\/\/fjaak.no\/wp-content\/uploads\/2017\/01\/ica-prize-logo-2018-silver-euro-rgb.jpg 82w, https:\/\/fjaak.no\/wp-content\/uploads\/2017\/01\/ica-prize-logo-2018-silver-euro-rgb-11x12.jpg 11w\" sizes=\"(max-width: 82px) 100vw, 82px\" \/><img loading=\"lazy\" decoding=\"async\" class=\"alignnone wp-image-37640\" src=\"https:\/\/fjaak.no\/wp-content\/uploads\/2017\/01\/ica-prize-logo-2020-bronze-world-print-cmyk.png\" alt=\"\" width=\"82\" height=\"89\" srcset=\"https:\/\/fjaak.no\/wp-content\/uploads\/2017\/01\/ica-prize-logo-2020-bronze-world-print-cmyk.png 236w, https:\/\/fjaak.no\/wp-content\/uploads\/2017\/01\/ica-prize-logo-2020-bronze-world-print-cmyk-11x12.png 11w\" sizes=\"(max-width: 82px) 100vw, 82px\" \/> <img loading=\"lazy\" decoding=\"async\" class=\"alignnone wp-image-37641\" src=\"https:\/\/fjaak.no\/wp-content\/uploads\/2017\/01\/AcadamyOfChoc2020BronzeLge.png\" alt=\"\" width=\"61\" height=\"91\" srcset=\"https:\/\/fjaak.no\/wp-content\/uploads\/2017\/01\/AcadamyOfChoc2020BronzeLge.png 118w, https:\/\/fjaak.no\/wp-content\/uploads\/2017\/01\/AcadamyOfChoc2020BronzeLge-8x12.png 8w\" sizes=\"(max-width: 61px) 100vw, 61px\" \/><\/i><\/p>\n<p>&nbsp;<\/p>\n<p><i>All of our single-origin bars are made with just cocoa beans, sugar and cocoa butter. Our chocolates are free of soy, dairy, eggs, and gluten. No added lecithin, or vanilla. <\/i><\/p>","protected":false},"featured_media":38452,"comment_status":"closed","ping_status":"closed","template":"","meta":{"nf_dc_page":"","_eb_attr":"","_exactmetrics_skip_tracking":false,"_exactmetrics_sitenote_active":false,"_exactmetrics_sitenote_note":"","_exactmetrics_sitenote_category":0,"jetpack_publicize_message":"","jetpack_publicize_feature_enabled":true,"jetpack_social_post_already_shared":false,"jetpack_social_options":{"image_generator_settings":{"template":"highway","default_image_id":0,"font":"","enabled":false},"version":2}},"product_brand":[],"product_cat":[101],"product_tag":[],"class_list":{"0":"post-5778","1":"product","2":"type-product","3":"status-publish","4":"has-post-thumbnail","6":"product_cat-bars","8":"first","9":"instock","10":"taxable","11":"shipping-taxable","12":"product-type-simple"},"yoast_head":"<!-- This site is optimized with the Yoast SEO plugin v27.6 - https:\/\/yoast.com\/product\/yoast-seo-wordpress\/ -->\n<title>70% dark Madagascar \u00c5kesson&#039;s Estate - Fj\u00e5k Chocolate<\/title>\n<meta name=\"description\" content=\"Single origin dark chocolate with cocoa beans from \u00c5kesson&#039;s Estate, Madagascar. Award winning bar at the Academy of Chocolate Awards 2018 Gold.\" \/>\n<meta name=\"robots\" content=\"index, follow, max-snippet:-1, max-image-preview:large, max-video-preview:-1\" \/>\n<link rel=\"canonical\" href=\"https:\/\/fjaak.no\/nb\/produkt\/dark-madagascar\/\" \/>\n<meta property=\"og:locale\" content=\"nb_NO\" \/>\n<meta property=\"og:type\" content=\"article\" \/>\n<meta property=\"og:title\" content=\"70% dark Madagascar \u00c5kesson&#039;s Estate - Fj\u00e5k Chocolate\" \/>\n<meta property=\"og:description\" content=\"Single origin dark chocolate with cocoa beans from \u00c5kesson&#039;s Estate, Madagascar. Award winning bar at the Academy of Chocolate Awards 2018 Gold.\" \/>\n<meta property=\"og:url\" content=\"https:\/\/fjaak.no\/nb\/produkt\/dark-madagascar\/\" \/>\n<meta property=\"og:site_name\" content=\"Fj\u00e5k Chocolate\" \/>\n<meta property=\"article:publisher\" content=\"https:\/\/www.facebook.com\/fjaakchocolate\/\" \/>\n<meta property=\"article:modified_time\" content=\"2026-02-22T21:02:43+00:00\" \/>\n<meta name=\"twitter:card\" content=\"summary_large_image\" \/>\n<meta name=\"twitter:image\" content=\"https:\/\/fjaak.no\/wp-content\/uploads\/2022\/01\/Fjak_origin_70_MADAGASCAR_square.jpg\" \/>\n<script type=\"application\/ld+json\" class=\"yoast-schema-graph\">{\"@context\":\"https:\\\/\\\/schema.org\",\"@graph\":[{\"@type\":\"WebPage\",\"@id\":\"https:\\\/\\\/fjaak.no\\\/product\\\/dark-madagascar\\\/\",\"url\":\"https:\\\/\\\/fjaak.no\\\/product\\\/dark-madagascar\\\/\",\"name\":\"70% dark Madagascar \u00c5kesson's Estate - Fj\u00e5k Chocolate\",\"isPartOf\":{\"@id\":\"https:\\\/\\\/fjaak.no\\\/nb\\\/#website\"},\"primaryImageOfPage\":{\"@id\":\"https:\\\/\\\/fjaak.no\\\/product\\\/dark-madagascar\\\/#primaryimage\"},\"image\":{\"@id\":\"https:\\\/\\\/fjaak.no\\\/product\\\/dark-madagascar\\\/#primaryimage\"},\"thumbnailUrl\":\"https:\\\/\\\/fjaak.no\\\/wp-content\\\/uploads\\\/2022\\\/01\\\/Fjak_origin_70_MADAGASCAR_square.jpg\",\"datePublished\":\"2017-01-27T16:21:58+00:00\",\"dateModified\":\"2026-02-22T21:02:43+00:00\",\"description\":\"Single origin dark chocolate with cocoa beans from \u00c5kesson's Estate, Madagascar. Award winning bar at the Academy of Chocolate Awards 2018 Gold.\",\"breadcrumb\":{\"@id\":\"https:\\\/\\\/fjaak.no\\\/product\\\/dark-madagascar\\\/#breadcrumb\"},\"inLanguage\":\"nb-NO\",\"potentialAction\":[{\"@type\":\"ReadAction\",\"target\":[\"https:\\\/\\\/fjaak.no\\\/product\\\/dark-madagascar\\\/\"]}]},{\"@type\":\"ImageObject\",\"inLanguage\":\"nb-NO\",\"@id\":\"https:\\\/\\\/fjaak.no\\\/product\\\/dark-madagascar\\\/#primaryimage\",\"url\":\"https:\\\/\\\/fjaak.no\\\/wp-content\\\/uploads\\\/2022\\\/01\\\/Fjak_origin_70_MADAGASCAR_square.jpg\",\"contentUrl\":\"https:\\\/\\\/fjaak.no\\\/wp-content\\\/uploads\\\/2022\\\/01\\\/Fjak_origin_70_MADAGASCAR_square.jpg\",\"width\":1000,\"height\":1000},{\"@type\":\"BreadcrumbList\",\"@id\":\"https:\\\/\\\/fjaak.no\\\/product\\\/dark-madagascar\\\/#breadcrumb\",\"itemListElement\":[{\"@type\":\"ListItem\",\"position\":1,\"name\":\"Home\",\"item\":\"https:\\\/\\\/fjaak.no\\\/en\\\/\"},{\"@type\":\"ListItem\",\"position\":2,\"name\":\"Shop\",\"item\":\"https:\\\/\\\/fjaak.no\\\/en\\\/shop\\\/\"},{\"@type\":\"ListItem\",\"position\":3,\"name\":\"70% dark Madagascar \u00c5kesson&#8217;s Estate\"}]},{\"@type\":\"WebSite\",\"@id\":\"https:\\\/\\\/fjaak.no\\\/nb\\\/#website\",\"url\":\"https:\\\/\\\/fjaak.no\\\/nb\\\/\",\"name\":\"Fj\u00e5k Chocolate\",\"description\":\"First bean to bar in Norway\",\"publisher\":{\"@id\":\"https:\\\/\\\/fjaak.no\\\/nb\\\/#organization\"},\"potentialAction\":[{\"@type\":\"SearchAction\",\"target\":{\"@type\":\"EntryPoint\",\"urlTemplate\":\"https:\\\/\\\/fjaak.no\\\/nb\\\/?s={search_term_string}\"},\"query-input\":{\"@type\":\"PropertyValueSpecification\",\"valueRequired\":true,\"valueName\":\"search_term_string\"}}],\"inLanguage\":\"nb-NO\"},{\"@type\":\"Organization\",\"@id\":\"https:\\\/\\\/fjaak.no\\\/nb\\\/#organization\",\"name\":\"Fj\u00e5k Chocolate\",\"url\":\"https:\\\/\\\/fjaak.no\\\/nb\\\/\",\"logo\":{\"@type\":\"ImageObject\",\"inLanguage\":\"nb-NO\",\"@id\":\"https:\\\/\\\/fjaak.no\\\/nb\\\/#\\\/schema\\\/logo\\\/image\\\/\",\"url\":\"https:\\\/\\\/i2.wp.com\\\/fjaak.no\\\/wp-content\\\/uploads\\\/2017\\\/03\\\/FJAK_logo_grey-copy_small.png?fit=102%2C80&ssl=1\",\"contentUrl\":\"https:\\\/\\\/i2.wp.com\\\/fjaak.no\\\/wp-content\\\/uploads\\\/2017\\\/03\\\/FJAK_logo_grey-copy_small.png?fit=102%2C80&ssl=1\",\"width\":102,\"height\":80,\"caption\":\"Fj\u00e5k Chocolate\"},\"image\":{\"@id\":\"https:\\\/\\\/fjaak.no\\\/nb\\\/#\\\/schema\\\/logo\\\/image\\\/\"},\"sameAs\":[\"https:\\\/\\\/www.facebook.com\\\/fjaakchocolate\\\/\",\"https:\\\/\\\/www.instagram.com\\\/fjaakchocolate\\\/\"]}]}<\/script>\n<!-- \/ Yoast SEO plugin. -->","yoast_head_json":{"title":"70% dark Madagascar \u00c5kesson's Estate - Fj\u00e5k Chocolate","description":"Single origin dark chocolate with cocoa beans from \u00c5kesson's Estate, Madagascar. Award winning bar at the Academy of Chocolate Awards 2018 Gold.","robots":{"index":"index","follow":"follow","max-snippet":"max-snippet:-1","max-image-preview":"max-image-preview:large","max-video-preview":"max-video-preview:-1"},"canonical":"https:\/\/fjaak.no\/nb\/produkt\/dark-madagascar\/","og_locale":"nb_NO","og_type":"article","og_title":"70% dark Madagascar \u00c5kesson's Estate - Fj\u00e5k Chocolate","og_description":"Single origin dark chocolate with cocoa beans from \u00c5kesson's Estate, Madagascar. Award winning bar at the Academy of Chocolate Awards 2018 Gold.","og_url":"https:\/\/fjaak.no\/nb\/produkt\/dark-madagascar\/","og_site_name":"Fj\u00e5k Chocolate","article_publisher":"https:\/\/www.facebook.com\/fjaakchocolate\/","article_modified_time":"2026-02-22T21:02:43+00:00","twitter_card":"summary_large_image","twitter_image":"https:\/\/fjaak.no\/wp-content\/uploads\/2022\/01\/Fjak_origin_70_MADAGASCAR_square.jpg","schema":{"@context":"https:\/\/schema.org","@graph":[{"@type":"WebPage","@id":"https:\/\/fjaak.no\/product\/dark-madagascar\/","url":"https:\/\/fjaak.no\/product\/dark-madagascar\/","name":"70% dark Madagascar \u00c5kesson's Estate - Fj\u00e5k Chocolate","isPartOf":{"@id":"https:\/\/fjaak.no\/nb\/#website"},"primaryImageOfPage":{"@id":"https:\/\/fjaak.no\/product\/dark-madagascar\/#primaryimage"},"image":{"@id":"https:\/\/fjaak.no\/product\/dark-madagascar\/#primaryimage"},"thumbnailUrl":"https:\/\/fjaak.no\/wp-content\/uploads\/2022\/01\/Fjak_origin_70_MADAGASCAR_square.jpg","datePublished":"2017-01-27T16:21:58+00:00","dateModified":"2026-02-22T21:02:43+00:00","description":"Single origin dark chocolate with cocoa beans from \u00c5kesson's Estate, Madagascar. Award winning bar at the Academy of Chocolate Awards 2018 Gold.","breadcrumb":{"@id":"https:\/\/fjaak.no\/product\/dark-madagascar\/#breadcrumb"},"inLanguage":"nb-NO","potentialAction":[{"@type":"ReadAction","target":["https:\/\/fjaak.no\/product\/dark-madagascar\/"]}]},{"@type":"ImageObject","inLanguage":"nb-NO","@id":"https:\/\/fjaak.no\/product\/dark-madagascar\/#primaryimage","url":"https:\/\/fjaak.no\/wp-content\/uploads\/2022\/01\/Fjak_origin_70_MADAGASCAR_square.jpg","contentUrl":"https:\/\/fjaak.no\/wp-content\/uploads\/2022\/01\/Fjak_origin_70_MADAGASCAR_square.jpg","width":1000,"height":1000},{"@type":"BreadcrumbList","@id":"https:\/\/fjaak.no\/product\/dark-madagascar\/#breadcrumb","itemListElement":[{"@type":"ListItem","position":1,"name":"Home","item":"https:\/\/fjaak.no\/en\/"},{"@type":"ListItem","position":2,"name":"Shop","item":"https:\/\/fjaak.no\/en\/shop\/"},{"@type":"ListItem","position":3,"name":"70% dark Madagascar \u00c5kesson&#8217;s Estate"}]},{"@type":"WebSite","@id":"https:\/\/fjaak.no\/nb\/#website","url":"https:\/\/fjaak.no\/nb\/","name":"Fj\u00e5k sjokolade","description":"F\u00f8rste bean to bar i Norge","publisher":{"@id":"https:\/\/fjaak.no\/nb\/#organization"},"potentialAction":[{"@type":"SearchAction","target":{"@type":"EntryPoint","urlTemplate":"https:\/\/fjaak.no\/nb\/?s={search_term_string}"},"query-input":{"@type":"PropertyValueSpecification","valueRequired":true,"valueName":"search_term_string"}}],"inLanguage":"nb-NO"},{"@type":"Organization","@id":"https:\/\/fjaak.no\/nb\/#organization","name":"Fj\u00e5k sjokolade","url":"https:\/\/fjaak.no\/nb\/","logo":{"@type":"ImageObject","inLanguage":"nb-NO","@id":"https:\/\/fjaak.no\/nb\/#\/schema\/logo\/image\/","url":"https:\/\/i2.wp.com\/fjaak.no\/wp-content\/uploads\/2017\/03\/FJAK_logo_grey-copy_small.png?fit=102%2C80&ssl=1","contentUrl":"https:\/\/i2.wp.com\/fjaak.no\/wp-content\/uploads\/2017\/03\/FJAK_logo_grey-copy_small.png?fit=102%2C80&ssl=1","width":102,"height":80,"caption":"Fj\u00e5k Chocolate"},"image":{"@id":"https:\/\/fjaak.no\/nb\/#\/schema\/logo\/image\/"},"sameAs":["https:\/\/www.facebook.com\/fjaakchocolate\/","https:\/\/www.instagram.com\/fjaakchocolate\/"]}]}},"jetpack_publicize_connections":[],"jetpack_sharing_enabled":true,"_links":{"self":[{"href":"https:\/\/fjaak.no\/nb\/wp-json\/wp\/v2\/product\/5778","targetHints":{"allow":["GET"]}}],"collection":[{"href":"https:\/\/fjaak.no\/nb\/wp-json\/wp\/v2\/product"}],"about":[{"href":"https:\/\/fjaak.no\/nb\/wp-json\/wp\/v2\/types\/product"}],"replies":[{"embeddable":true,"href":"https:\/\/fjaak.no\/nb\/wp-json\/wp\/v2\/comments?post=5778"}],"wp:featuredmedia":[{"embeddable":true,"href":"https:\/\/fjaak.no\/nb\/wp-json\/wp\/v2\/media\/38452"}],"wp:attachment":[{"href":"https:\/\/fjaak.no\/nb\/wp-json\/wp\/v2\/media?parent=5778"}],"wp:term":[{"taxonomy":"product_brand","embeddable":true,"href":"https:\/\/fjaak.no\/nb\/wp-json\/wp\/v2\/product_brand?post=5778"},{"taxonomy":"product_cat","embeddable":true,"href":"https:\/\/fjaak.no\/nb\/wp-json\/wp\/v2\/product_cat?post=5778"},{"taxonomy":"product_tag","embeddable":true,"href":"https:\/\/fjaak.no\/nb\/wp-json\/wp\/v2\/product_tag?post=5778"}],"curies":[{"name":"wp","href":"https:\/\/api.w.org\/{rel}","templated":true}]}}